{"id":2409,"date":"2024-03-19T08:46:59","date_gmt":"2024-03-19T07:46:59","guid":{"rendered":"https:\/\/pdss.eu\/conception-web-a-wavre-sainte-catherine\/"},"modified":"2026-03-02T20:56:03","modified_gmt":"2026-03-02T19:56:03","slug":"conception-web-a-wavre-sainte-catherine","status":"publish","type":"page","link":"https:\/\/pdss.eu\/fr\/conception-web-a-wavre-sainte-catherine\/","title":{"rendered":"Conception web \u00e0 Wavre-Sainte-Catherine"},"content":{"rendered":"<p>[et_pb_section fb_built=\u00a0\u00bb1&Prime; custom_padding_last_edited=\u00a0\u00bbon|phone\u00a0\u00bb _builder_version=\u00a0\u00bb4.27.0&Prime; _module_preset=\u00a0\u00bbdefault\u00a0\u00bb background_image=\u00a0\u00bbhttps:\/\/pdss.eu\/wp-content\/uploads\/2024\/07\/Beeldmerk-links-midden.png\u00a0\u00bb background_size=\u00a0\u00bbinitial\u00a0\u00bb background_position=\u00a0\u00bbtop_right\u00a0\u00bb custom_padding=\u00a0\u00bb||||false|false\u00a0\u00bb custom_padding_tablet=\u00a0\u00bb||28px|||\u00a0\u00bb custom_padding_phone=\u00a0\u00bb10px||28px||false|false\u00a0\u00bb hover_enabled=\u00a0\u00bb0&Prime; global_colors_info=\u00a0\u00bb{}\u00a0\u00bb title_text=\u00a0\u00bbBeeldmerk-links-midden\u00a0\u00bb sticky_enabled=\u00a0\u00bb0&Prime;][et_pb_row _builder_version=\u00a0\u00bb4.24.2&Prime; _module_preset=\u00a0\u00bbdefault\u00a0\u00bb custom_padding=\u00a0\u00bb||0px||false|false\u00a0\u00bb global_colors_info=\u00a0\u00bb{}\u00a0\u00bb][et_pb_column type=\u00a0\u00bb4_4&Prime; _builder_version=\u00a0\u00bb4.24.0&Prime; _module_preset=\u00a0\u00bbdefault\u00a0\u00bb global_colors_info=\u00a0\u00bb{}\u00a0\u00bb][et_pb_text content_tablet=\u00a0\u00bb<\/p>\n<h1><span>T\u00e9l\u00e9phonie <a style=%22color: #00954c;%22>num\u00e9rique,<\/a><br \/>accessible <a style=%22color: #00954c;%22>partout<\/a>.<\/span><\/h1>\n<p>\u00a0\u00bb content_phone=\u00a0\u00bb<\/p>\n<h1><span>T\u00e9l\u00e9phonie <a style=%22color: #00954c;%22>num\u00e9rique,<\/a><br \/>accessible <a style=%22color: #00954c;%22>partout<\/a>.<\/span><\/h1>\n<p>\u00a0\u00bb content_last_edited=\u00a0\u00bboff|phone\u00a0\u00bb _builder_version=\u00a0\u00bb4.27.0&Prime; _module_preset=\u00a0\u00bbdefault\u00a0\u00bb header_font=\u00a0\u00bb|600|||||||\u00a0\u00bb header_text_align=\u00a0\u00bbleft\u00a0\u00bb header_font_size=\u00a0\u00bb5em\u00a0\u00bb custom_margin=\u00a0\u00bb|0px||0px|false|true\u00a0\u00bb custom_padding=\u00a0\u00bb|0px||0px|false|true\u00a0\u00bb hover_enabled=\u00a0\u00bb0&Prime; header_font_size_tablet=\u00a0\u00bb3.8em\u00a0\u00bb header_font_size_phone=\u00a0\u00bb1.9em\u00a0\u00bb header_font_size_last_edited=\u00a0\u00bbon|tablet\u00a0\u00bb global_colors_info=\u00a0\u00bb{}\u00a0\u00bb sticky_enabled=\u00a0\u00bb0&Prime;]<\/p>\n<h1>PDSS assure la conception web \u00e0 <span><a style=\"color: #00954c;\">Wavre-Sainte-Catherine<\/a><\/span><\/h1>\n<p><span><\/span><\/p>\n<p>[\/et_pb_text][\/et_pb_column][\/et_pb_row][et_pb_row column_structure=\u00a0\u00bb2_3,1_3&Prime; _builder_version=\u00a0\u00bb4.24.2&Prime; _module_preset=\u00a0\u00bbdefault\u00a0\u00bb custom_padding=\u00a0\u00bb20px||10px||false|false\u00a0\u00bb global_colors_info=\u00a0\u00bb{}\u00a0\u00bb][et_pb_column type=\u00a0\u00bb2_3&Prime; _builder_version=\u00a0\u00bb4.24.0&Prime; _module_preset=\u00a0\u00bbdefault\u00a0\u00bb global_colors_info=\u00a0\u00bb{}\u00a0\u00bb][et_pb_text _builder_version=\u00a0\u00bb4.24.2&Prime; _module_preset=\u00a0\u00bbdefault\u00a0\u00bb global_colors_info=\u00a0\u00bb{}\u00a0\u00bb]<\/p>\n<p><span>Chez PDSS.eu, nous nous sp\u00e9cialisons dans la cr\u00e9ation de conceptions web sur mesure qui r\u00e9pondent \u00e9troitement aux besoins uniques des entreprises de Wavre-Sainte-Catherine. Au c\u0153ur du monde num\u00e9rique d\u2019aujourd\u2019hui, une conception web professionnelle est la cl\u00e9 d\u2019une pr\u00e9sence en ligne r\u00e9ussie. Notre mission est de concevoir un site web qui non seulement repr\u00e9sente authentiquement votre marque, mais partage \u00e9galement votre histoire de mani\u00e8re distinctive, sp\u00e9cifiquement adapt\u00e9e \u00e0 votre groupe cible.  <\/span><\/p>\n<p>[\/et_pb_text][\/et_pb_column][et_pb_column type=\u00a0\u00bb1_3&Prime; _builder_version=\u00a0\u00bb4.24.0&Prime; _module_preset=\u00a0\u00bbdefault\u00a0\u00bb global_colors_info=\u00a0\u00bb{}\u00a0\u00bb][et_pb_image src=\u00a0\u00bbhttps:\/\/pdss.eu\/wp-content\/uploads\/2024\/07\/team1.png\u00a0\u00bb title_text=\u00a0\u00bbteam1&Prime; show_in_lightbox=\u00a0\u00bbon\u00a0\u00bb _builder_version=\u00a0\u00bb4.27.0&Prime; _module_preset=\u00a0\u00bbdefault\u00a0\u00bb hover_enabled=\u00a0\u00bb0&Prime; global_colors_info=\u00a0\u00bb{}\u00a0\u00bb sticky_enabled=\u00a0\u00bb0&Prime;][\/et_pb_image][\/et_pb_column][\/et_pb_row][et_pb_row _builder_version=\u00a0\u00bb4.24.2&Prime; _module_preset=\u00a0\u00bbdefault\u00a0\u00bb custom_padding=\u00a0\u00bb30px||10px||false|false\u00a0\u00bb global_colors_info=\u00a0\u00bb{}\u00a0\u00bb][et_pb_column type=\u00a0\u00bb4_4&Prime; _builder_version=\u00a0\u00bb4.24.2&Prime; _module_preset=\u00a0\u00bbdefault\u00a0\u00bb global_colors_info=\u00a0\u00bb{}\u00a0\u00bb][et_pb_text _builder_version=\u00a0\u00bb4.24.2&Prime; _module_preset=\u00a0\u00bbdefault\u00a0\u00bb global_colors_info=\u00a0\u00bb{}\u00a0\u00bb]<\/p>\n<h2><strong>Quelques r\u00e9alisations \u00e0 Wavre-Sainte-Catherine et ses environs<\/strong><\/h2>\n<p>D\u00e9couvrez ci-dessous quelques exemples de sites web et de boutiques en ligne que nous avons r\u00e9cemment construits.<\/p>\n<p>[\/et_pb_text][\/et_pb_column][\/et_pb_row][et_pb_row column_structure=\u00a0\u00bb1_3,1_3,1_3&Prime; _builder_version=\u00a0\u00bb4.24.2&Prime; _module_preset=\u00a0\u00bbdefault\u00a0\u00bb custom_margin=\u00a0\u00bb||20px||false|false\u00a0\u00bb custom_padding=\u00a0\u00bb0px||||false|false\u00a0\u00bb global_colors_info=\u00a0\u00bb{}\u00a0\u00bb][et_pb_column type=\u00a0\u00bb1_3&Prime; _builder_version=\u00a0\u00bb4.24.2&Prime; _module_preset=\u00a0\u00bbdefault\u00a0\u00bb global_colors_info=\u00a0\u00bb{}\u00a0\u00bb][et_pb_image src=\u00a0\u00bbhttps:\/\/pdss.eu\/wp-content\/uploads\/2024\/03\/Burneys-screen.png\u00a0\u00bb title_text=\u00a0\u00bbBurneys-screen\u00a0\u00bb url=\u00a0\u00bbhttps:\/\/burneys.be\u00a0\u00bb url_new_window=\u00a0\u00bbon\u00a0\u00bb _builder_version=\u00a0\u00bb4.24.2&Prime; _module_preset=\u00a0\u00bbdefault\u00a0\u00bb custom_margin=\u00a0\u00bb||0px||false|false\u00a0\u00bb custom_padding=\u00a0\u00bb||||false|false\u00a0\u00bb global_colors_info=\u00a0\u00bb{}\u00a0\u00bb][\/et_pb_image][et_pb_button button_url=\u00a0\u00bbhttps:\/\/burneys.be\u00a0\u00bb url_new_window=\u00a0\u00bbon\u00a0\u00bb button_text=\u00a0\u00bbburneys.be\u00a0\u00bb button_alignment=\u00a0\u00bbcenter\u00a0\u00bb _builder_version=\u00a0\u00bb4.24.2&Prime; _module_preset=\u00a0\u00bbdefault\u00a0\u00bb button_icon=\u00a0\u00bb&#xf0c1;||fa||900&Prime; custom_margin=\u00a0\u00bb0px||||false|false\u00a0\u00bb custom_padding=\u00a0\u00bb||||false|false\u00a0\u00bb custom_padding_last_edited=\u00a0\u00bboff|desktop\u00a0\u00bb global_colors_info=\u00a0\u00bb{}\u00a0\u00bb][\/et_pb_button][\/et_pb_column][et_pb_column type=\u00a0\u00bb1_3&Prime; _builder_version=\u00a0\u00bb4.24.2&Prime; _module_preset=\u00a0\u00bbdefault\u00a0\u00bb global_colors_info=\u00a0\u00bb{}\u00a0\u00bb][et_pb_image src=\u00a0\u00bbhttps:\/\/pdss.eu\/wp-content\/uploads\/2024\/03\/videotake.png\u00a0\u00bb title_text=\u00a0\u00bbvideotake\u00a0\u00bb url=\u00a0\u00bbhttps:\/\/videotake.be\u00a0\u00bb url_new_window=\u00a0\u00bbon\u00a0\u00bb _builder_version=\u00a0\u00bb4.24.2&Prime; _module_preset=\u00a0\u00bbdefault\u00a0\u00bb custom_margin=\u00a0\u00bb||0px||false|false\u00a0\u00bb custom_padding=\u00a0\u00bb||||false|false\u00a0\u00bb global_colors_info=\u00a0\u00bb{}\u00a0\u00bb][\/et_pb_image][et_pb_button button_url=\u00a0\u00bbhttps:\/\/videotake.be\u00a0\u00bb url_new_window=\u00a0\u00bbon\u00a0\u00bb button_text=\u00a0\u00bbvideotake.be\u00a0\u00bb button_alignment=\u00a0\u00bbcenter\u00a0\u00bb _builder_version=\u00a0\u00bb4.24.2&Prime; _module_preset=\u00a0\u00bbdefault\u00a0\u00bb button_icon=\u00a0\u00bb&#xf0c1;||fa||900&Prime; custom_margin=\u00a0\u00bb0px||||false|false\u00a0\u00bb custom_padding=\u00a0\u00bb||||false|false\u00a0\u00bb custom_padding_last_edited=\u00a0\u00bboff|desktop\u00a0\u00bb global_colors_info=\u00a0\u00bb{}\u00a0\u00bb][\/et_pb_button][\/et_pb_column][et_pb_column type=\u00a0\u00bb1_3&Prime; _builder_version=\u00a0\u00bb4.24.2&Prime; _module_preset=\u00a0\u00bbdefault\u00a0\u00bb global_colors_info=\u00a0\u00bb{}\u00a0\u00bb][et_pb_image src=\u00a0\u00bbhttps:\/\/pdss.eu\/wp-content\/uploads\/2024\/03\/interieur-Wouters.png\u00a0\u00bb title_text=\u00a0\u00bbinterieur Wouters\u00a0\u00bb url=\u00a0\u00bbhttps:\/\/interieurwouters.be\u00a0\u00bb url_new_window=\u00a0\u00bbon\u00a0\u00bb _builder_version=\u00a0\u00bb4.24.2&Prime; _module_preset=\u00a0\u00bbdefault\u00a0\u00bb custom_margin=\u00a0\u00bb||0px||false|false\u00a0\u00bb custom_padding=\u00a0\u00bb||||false|false\u00a0\u00bb global_colors_info=\u00a0\u00bb{}\u00a0\u00bb][\/et_pb_image][et_pb_button button_url=\u00a0\u00bbhttps:\/\/interieurwouters.be\u00a0\u00bb url_new_window=\u00a0\u00bbon\u00a0\u00bb button_text=\u00a0\u00bbinterieurwouters.be\u00a0\u00bb button_alignment=\u00a0\u00bbcenter\u00a0\u00bb _builder_version=\u00a0\u00bb4.24.2&Prime; _module_preset=\u00a0\u00bbdefault\u00a0\u00bb button_icon=\u00a0\u00bb&#xf0c1;||fa||900&Prime; custom_margin=\u00a0\u00bb0px||||false|false\u00a0\u00bb custom_padding=\u00a0\u00bb||||false|false\u00a0\u00bb custom_padding_last_edited=\u00a0\u00bboff|desktop\u00a0\u00bb global_colors_info=\u00a0\u00bb{}\u00a0\u00bb][\/et_pb_button][\/et_pb_column][\/et_pb_row][et_pb_row _builder_version=\u00a0\u00bb4.24.2&Prime; _module_preset=\u00a0\u00bbdefault\u00a0\u00bb custom_padding=\u00a0\u00bb10px||30px||false|false\u00a0\u00bb global_colors_info=\u00a0\u00bb{}\u00a0\u00bb][et_pb_column type=\u00a0\u00bb4_4&Prime; _builder_version=\u00a0\u00bb4.24.2&Prime; _module_preset=\u00a0\u00bbdefault\u00a0\u00bb global_colors_info=\u00a0\u00bb{}\u00a0\u00bb][et_pb_text _builder_version=\u00a0\u00bb4.24.2&Prime; _module_preset=\u00a0\u00bbdefault\u00a0\u00bb global_colors_info=\u00a0\u00bb{}\u00a0\u00bb]<\/p>\n<h2><strong>Notre approche locale pour votre succ\u00e8s num\u00e9rique<\/strong><\/h2>\n<p>Nos garanties de processus, de collaboration et de communication de bout en bout, avec un accent particulier sur les besoins de Wavre-Sainte-Catherine :<\/p>\n<p><strong>1. Rencontre personnelle<\/strong><br \/>Chaque projet commence par une rencontre personnelle. Nous nous immergeons dans votre vision, vos ambitions et les exigences sp\u00e9cifiques de votre entreprise \u00e0 Wavre-Sainte-Catherine. Cette \u00e9tape est fondamentale pour d\u00e9velopper un site web visuellement attrayant qui soutient vos objectifs commerciaux.  <\/p>\n<p><strong>2. Design sur mesure<\/strong><br \/>Sur la base de notre entretien, notre \u00e9quipe con\u00e7oit un design web unique et visuellement attrayant qui renforce la personnalit\u00e9 et l\u2019identit\u00e9 de marque de votre entreprise \u00e0 Wavre-Sainte-Catherine.<\/p>\n<p><strong>3. D\u00e9veloppement technique<\/strong><br \/>Apr\u00e8s l\u2019approbation du design, notre \u00e9quipe de d\u00e9veloppement s\u2019attelle \u00e0 la construction d\u2019un site web r\u00e9actif et convivial, optimis\u00e9 tant pour les visiteurs que pour les moteurs de recherche, avec une attention particuli\u00e8re pour Wavre-Sainte-Catherine.<\/p>\n<p><strong>4. Commentaires et ajustements<\/strong><br \/>Nous attachons une grande importance \u00e0 votre satisfaction. C\u2019est pourquoi nous proposons un processus de feedback approfondi, au cours duquel nous effectuons des ajustements jusqu\u2019\u00e0 ce que vous soyez satisfait \u00e0 100 %. <\/p>\n<p><strong>5. Lancement<\/strong><br \/>Avec votre approbation, le site web est officiellement lanc\u00e9. Notre soutien ne s\u2019arr\u00eate pas l\u00e0 ; nous restons disponibles pour une assistance future afin de garantir les performances de votre site. <\/p>\n<p>[\/et_pb_text][et_pb_text _builder_version=\u00a0\u00bb4.24.2&Prime; _module_preset=\u00a0\u00bbdefault\u00a0\u00bb global_colors_info=\u00a0\u00bb{}\u00a0\u00bb]<\/p>\n<h3><strong>Choisissez PDSS.eu pour votre conception web \u00e0 Wavre-Sainte-Catherine<\/strong><\/h3>\n<p><strong><span>\u2714 <\/span>Approche locale<\/strong><br \/>Notre exp\u00e9rience du march\u00e9 \u00e0 Wavre-Sainte-Catherine nous permet de livrer des conceptions web qui sont r\u00e9ellement en phase avec la communaut\u00e9 locale.<\/p>\n<p><strong><span>\u2714 <\/span>Solutions sur mesure<\/strong><br \/>Pas de solutions standard ici ; chaque projet est unique, tout comme votre entreprise.<\/p>\n<p><strong><span>\u2714 <\/span>Optimis\u00e9 pour le SEO<\/strong><br \/>Un site web magnifique n\u2019est que le d\u00e9but. Nous veillons \u00e0 ce que votre site soit trouvable par votre groupe cible \u00e0 Wavre-Sainte-Catherine et au-del\u00e0. <\/p>\n<p><strong><span>\u2714 <\/span>D\u00e9di\u00e9 \u00e0 votre succ\u00e8s<\/strong><br \/>Votre satisfaction et votre succ\u00e8s sont notre priorit\u00e9. Nous nous effor\u00e7ons de d\u00e9passer toutes vos attentes. <\/p>\n<p><strong><em>Vous \u00eates \u00e9tabli \u00e0 Wavre-Sainte-Catherine et vous souhaitez propulser votre entreprise au niveau sup\u00e9rieur gr\u00e2ce \u00e0 une conception web professionnelle et sur mesure ? Contactez-nous ! <\/em><\/strong><\/p>\n<p>[\/et_pb_text][\/et_pb_column][\/et_pb_row][et_pb_row disabled_on=\u00a0\u00bboff|off|off\u00a0\u00bb _builder_version=\u00a0\u00bb4.24.0&Prime; _module_preset=\u00a0\u00bbdefault\u00a0\u00bb global_colors_info=\u00a0\u00bb{}\u00a0\u00bb][et_pb_column type=\u00a0\u00bb4_4&Prime; _builder_version=\u00a0\u00bb4.24.0&Prime; _module_preset=\u00a0\u00bbdefault\u00a0\u00bb custom_css_main_element=\u00a0\u00bbdisplay: flex;||flex-wrap: wrap;||justify-content: center; \/* Horizontally center the items *\/||align-items: flex-start; \/* Vertically align items to the top of the container *\/||gap: 15px;||\u00a0\u00bb global_colors_info=\u00a0\u00bb{}\u00a0\u00bb][et_pb_button button_url=\u00a0\u00bb#diensten\u00a0\u00bb button_text=\u00a0\u00bbD\u00e9couvrez nos autres services\u00a0\u00bb button_alignment=\u00a0\u00bbcenter\u00a0\u00bb _builder_version=\u00a0\u00bb4.24.2&Prime; _module_preset=\u00a0\u00bbdefault\u00a0\u00bb button_bg_color=\u00a0\u00bbgcid-98928450-b75a-4801-aa53-c9b70180ca9f\u00a0\u00bb button_border_width=\u00a0\u00bb2px\u00a0\u00bb button_border_color=\u00a0\u00bbgcid-98928450-b75a-4801-aa53-c9b70180ca9f\u00a0\u00bb global_colors_info=\u00a0\u00bb{%22gcid-98928450-b75a-4801-aa53-c9b70180ca9f%22:%91%22button_bg_color%22,%22button_border_color%22%93}\u00a0\u00bb][\/et_pb_button][\/et_pb_column][\/et_pb_row][\/et_pb_section]<\/p>\n","protected":false},"excerpt":{"rendered":"<p>PDSS assure la conception web \u00e0 Wavre-Sainte-Catherine Chez PDSS.eu, nous nous sp\u00e9cialisons dans la cr\u00e9ation de conceptions web sur mesure qui r\u00e9pondent \u00e9troitement aux besoins uniques des entreprises de Wavre-Sainte-Catherine. Au c\u0153ur du monde num\u00e9rique d\u2019aujourd\u2019hui, une conception web professionnelle est la cl\u00e9 d\u2019une pr\u00e9sence en ligne r\u00e9ussie. Notre mission est de concevoir un site [&hellip;]<\/p>\n","protected":false},"author":1,"featured_media":0,"parent":0,"menu_order":0,"comment_status":"closed","ping_status":"closed","template":"","meta":{"_acf_changed":false,"_et_pb_use_builder":"on","_et_pb_old_content":"","_et_gb_content_width":"","footnotes":""},"dipi_cpt_category":[46],"class_list":["post-2409","page","type-page","status-publish","hentry","dipi_cpt_category-landing"],"acf":[],"_links":{"self":[{"href":"https:\/\/pdss.eu\/fr\/wp-json\/wp\/v2\/pages\/2409","targetHints":{"allow":["GET"]}}],"collection":[{"href":"https:\/\/pdss.eu\/fr\/wp-json\/wp\/v2\/pages"}],"about":[{"href":"https:\/\/pdss.eu\/fr\/wp-json\/wp\/v2\/types\/page"}],"author":[{"embeddable":true,"href":"https:\/\/pdss.eu\/fr\/wp-json\/wp\/v2\/users\/1"}],"replies":[{"embeddable":true,"href":"https:\/\/pdss.eu\/fr\/wp-json\/wp\/v2\/comments?post=2409"}],"version-history":[{"count":1,"href":"https:\/\/pdss.eu\/fr\/wp-json\/wp\/v2\/pages\/2409\/revisions"}],"predecessor-version":[{"id":2412,"href":"https:\/\/pdss.eu\/fr\/wp-json\/wp\/v2\/pages\/2409\/revisions\/2412"}],"wp:attachment":[{"href":"https:\/\/pdss.eu\/fr\/wp-json\/wp\/v2\/media?parent=2409"}],"wp:term":[{"taxonomy":"dipi_cpt_category","embeddable":true,"href":"https:\/\/pdss.eu\/fr\/wp-json\/wp\/v2\/dipi_cpt_category?post=2409"}],"curies":[{"name":"wp","href":"https:\/\/api.w.org\/{rel}","templated":true}]}}